{"id":3501,"date":"2025-02-19T22:30:43","date_gmt":"2025-02-19T20:30:43","guid":{"rendered":"https:\/\/mebellini.lv\/?page_id=3501"},"modified":"2025-02-19T22:30:43","modified_gmt":"2025-02-19T20:30:43","slug":"kontakti","status":"publish","type":"page","link":"https:\/\/mebellini.lv\/lv\/kontakti\/","title":{"rendered":"Kontakti"},"content":{"rendered":"\n<div class=\"contact-info contact-page\" style=\"padding: 40px 0; text-align: center;\">\n    <div class=\"container\">\n        <h3 style=\"margin-bottom: 8px; padding: 32px 0 0;\">M\u0112BE\u013bU UN INTERJERA SALONS<\/h3>\n        <p><strong>Mebellini<\/strong><\/p>\n        <p>Katlakalna iela 6D, Decco centrs, R\u012bga, LV-1073<\/p>\n        <p>+371 27703777 ; +381 29230452<\/p>\n        <p>\n            <a href=\"mailto:info@mebellini.lv\">info@mebellini.lv<\/a> ; \n            <a href=\"mailto:info@decoroom.lv\">info@decoroom.lv<\/a>\n        <\/p>\n        <p>\n            <a href=\"http:\/\/www.mebellini.lv\" target=\"_blank\">www.mebellini.lv<\/a>\n        <\/p>\n        <br>\n        <h3>DARBA LAIKS<\/h3>\n        <p>Darba dien\u0101s: <strong>9:00\u201318:00<\/strong><\/p>\n        <p>Sestdien\u0101s: <strong>10:00\u201317:00<\/strong><\/p>\n        <p>Sv\u0113tdien\u0101s un sarkanajos datumos: <strong>br\u012bvs<\/strong><\/p>\n    <\/div>\n\n<div class=\"flex justify-center gap-6\">\n          <a class=\"w-12 rounded-lg transition-transform duration-300 hover:scale-105\" href=\"https:\/\/ul.waze.com\/ul?preview_venue_id=15794745.157685310.7860252&#038;navigate=yes&#038;utm_campaign=default&#038;utm_source=waze_website&#038;utm_medium=lm_share_location\">\n            <img decoding=\"async\" class=\"rounded-lg\" src=\"~\/assets\/img\/waze.webp\" alt=\"\">\n          <\/a>\n          <a class=\"w-12 rounded-lg transition-transform duration-300 hover:scale-105 maps-shadow\" href=\"https:\/\/maps.app.goo.gl\/67m2cJnDyAcBuMoG6\">\n            <img decoding=\"async\" class=\"rounded-lg\" src=\"~\/assets\/img\/maps.webp\" alt=\"\">\n          <\/a>\n        <\/div>\n<\/div>\n","protected":false},"excerpt":{"rendered":"<p>M\u0112BE\u013bU UN INTERJERA SALONS Mebellini Katlakalna iela 6D, Decco centrs, R\u012bga, LV-1073 +371 27703777 ; +381 29230452 info@mebellini.lv ; info@decoroom.lv www.mebellini.lv DARBA LAIKS Darba dien\u0101s: 9:00\u201318:00 Sestdien\u0101s: 10:00\u201317:00 Sv\u0113tdien\u0101s un sarkanajos datumos: br\u012bvs<\/p>\n","protected":false},"author":2,"featured_media":0,"parent":0,"menu_order":0,"comment_status":"closed","ping_status":"closed","template":"templates\/contacts.php","meta":{"footnotes":""},"class_list":["post-3501","page","type-page","status-publish","hentry"],"acf":[],"yoast_head":"<!-- This site is optimized with the Yoast SEO plugin v27.3 - https:\/\/yoast.com\/product\/yoast-seo-wordpress\/ -->\n<title>Kontakti - Mebellini<\/title>\n<meta name=\"robots\" content=\"index, follow, max-snippet:-1, max-image-preview:large, max-video-preview:-1\" \/>\n<link rel=\"canonical\" href=\"https:\/\/mebellini.lv\/lv\/kontakti\/\" \/>\n<meta property=\"og:locale\" content=\"lv_LV\" \/>\n<meta property=\"og:type\" content=\"article\" \/>\n<meta property=\"og:title\" content=\"Kontakti - Mebellini\" \/>\n<meta property=\"og:description\" content=\"M\u0112BE\u013bU UN INTERJERA SALONS Mebellini Katlakalna iela 6D, Decco centrs, R\u012bga, LV-1073 +371 27703777 ; +381 29230452 info@mebellini.lv ; info@decoroom.lv www.mebellini.lv DARBA LAIKS Darba dien\u0101s: 9:00\u201318:00 Sestdien\u0101s: 10:00\u201317:00 Sv\u0113tdien\u0101s un sarkanajos datumos: br\u012bvs\" \/>\n<meta property=\"og:url\" content=\"https:\/\/mebellini.lv\/lv\/kontakti\/\" \/>\n<meta property=\"og:site_name\" content=\"Mebellini\" \/>\n<meta name=\"twitter:card\" content=\"summary_large_image\" \/>\n<meta name=\"twitter:label1\" content=\"Est. reading time\" \/>\n\t<meta name=\"twitter:data1\" content=\"1 minute\" \/>\n<script type=\"application\/ld+json\" class=\"yoast-schema-graph\">{\"@context\":\"https:\\\/\\\/schema.org\",\"@graph\":[{\"@type\":\"WebPage\",\"@id\":\"https:\\\/\\\/mebellini.lv\\\/lv\\\/kontakti\\\/\",\"url\":\"https:\\\/\\\/mebellini.lv\\\/lv\\\/kontakti\\\/\",\"name\":\"Kontakti - Mebellini\",\"isPartOf\":{\"@id\":\"https:\\\/\\\/mebellini.lv\\\/en\\\/#website\"},\"datePublished\":\"2025-02-19T20:30:43+00:00\",\"breadcrumb\":{\"@id\":\"https:\\\/\\\/mebellini.lv\\\/lv\\\/kontakti\\\/#breadcrumb\"},\"inLanguage\":\"lv-LV\",\"potentialAction\":[{\"@type\":\"ReadAction\",\"target\":[\"https:\\\/\\\/mebellini.lv\\\/lv\\\/kontakti\\\/\"]}]},{\"@type\":\"BreadcrumbList\",\"@id\":\"https:\\\/\\\/mebellini.lv\\\/lv\\\/kontakti\\\/#breadcrumb\",\"itemListElement\":[{\"@type\":\"ListItem\",\"position\":1,\"name\":\"Home\",\"item\":\"https:\\\/\\\/mebellini.lv\\\/lv\\\/\"},{\"@type\":\"ListItem\",\"position\":2,\"name\":\"Kontakti\"}]},{\"@type\":\"WebSite\",\"@id\":\"https:\\\/\\\/mebellini.lv\\\/en\\\/#website\",\"url\":\"https:\\\/\\\/mebellini.lv\\\/en\\\/\",\"name\":\"Mebellini\",\"description\":\"Mebellini\",\"potentialAction\":[{\"@type\":\"SearchAction\",\"target\":{\"@type\":\"EntryPoint\",\"urlTemplate\":\"https:\\\/\\\/mebellini.lv\\\/en\\\/?s={search_term_string}\"},\"query-input\":{\"@type\":\"PropertyValueSpecification\",\"valueRequired\":true,\"valueName\":\"search_term_string\"}}],\"inLanguage\":\"lv-LV\"}]}<\/script>\n<!-- \/ Yoast SEO plugin. -->","yoast_head_json":{"title":"Kontakti - Mebellini","robots":{"index":"index","follow":"follow","max-snippet":"max-snippet:-1","max-image-preview":"max-image-preview:large","max-video-preview":"max-video-preview:-1"},"canonical":"https:\/\/mebellini.lv\/lv\/kontakti\/","og_locale":"lv_LV","og_type":"article","og_title":"Kontakti - Mebellini","og_description":"M\u0112BE\u013bU UN INTERJERA SALONS Mebellini Katlakalna iela 6D, Decco centrs, R\u012bga, LV-1073 +371 27703777 ; +381 29230452 info@mebellini.lv ; info@decoroom.lv www.mebellini.lv DARBA LAIKS Darba dien\u0101s: 9:00\u201318:00 Sestdien\u0101s: 10:00\u201317:00 Sv\u0113tdien\u0101s un sarkanajos datumos: br\u012bvs","og_url":"https:\/\/mebellini.lv\/lv\/kontakti\/","og_site_name":"Mebellini","twitter_card":"summary_large_image","twitter_misc":{"Est. reading time":"1 minute"},"schema":{"@context":"https:\/\/schema.org","@graph":[{"@type":"WebPage","@id":"https:\/\/mebellini.lv\/lv\/kontakti\/","url":"https:\/\/mebellini.lv\/lv\/kontakti\/","name":"Kontakti - Mebellini","isPartOf":{"@id":"https:\/\/mebellini.lv\/en\/#website"},"datePublished":"2025-02-19T20:30:43+00:00","breadcrumb":{"@id":"https:\/\/mebellini.lv\/lv\/kontakti\/#breadcrumb"},"inLanguage":"lv-LV","potentialAction":[{"@type":"ReadAction","target":["https:\/\/mebellini.lv\/lv\/kontakti\/"]}]},{"@type":"BreadcrumbList","@id":"https:\/\/mebellini.lv\/lv\/kontakti\/#breadcrumb","itemListElement":[{"@type":"ListItem","position":1,"name":"Home","item":"https:\/\/mebellini.lv\/lv\/"},{"@type":"ListItem","position":2,"name":"Kontakti"}]},{"@type":"WebSite","@id":"https:\/\/mebellini.lv\/en\/#website","url":"https:\/\/mebellini.lv\/en\/","name":"Mebellini","description":"Mebellini","potentialAction":[{"@type":"SearchAction","target":{"@type":"EntryPoint","urlTemplate":"https:\/\/mebellini.lv\/en\/?s={search_term_string}"},"query-input":{"@type":"PropertyValueSpecification","valueRequired":true,"valueName":"search_term_string"}}],"inLanguage":"lv-LV"}]}},"_links":{"self":[{"href":"https:\/\/mebellini.lv\/lv\/wp-json\/wp\/v2\/pages\/3501","targetHints":{"allow":["GET"]}}],"collection":[{"href":"https:\/\/mebellini.lv\/lv\/wp-json\/wp\/v2\/pages"}],"about":[{"href":"https:\/\/mebellini.lv\/lv\/wp-json\/wp\/v2\/types\/page"}],"author":[{"embeddable":true,"href":"https:\/\/mebellini.lv\/lv\/wp-json\/wp\/v2\/users\/2"}],"replies":[{"embeddable":true,"href":"https:\/\/mebellini.lv\/lv\/wp-json\/wp\/v2\/comments?post=3501"}],"version-history":[{"count":3,"href":"https:\/\/mebellini.lv\/lv\/wp-json\/wp\/v2\/pages\/3501\/revisions"}],"predecessor-version":[{"id":3510,"href":"https:\/\/mebellini.lv\/lv\/wp-json\/wp\/v2\/pages\/3501\/revisions\/3510"}],"wp:attachment":[{"href":"https:\/\/mebellini.lv\/lv\/wp-json\/wp\/v2\/media?parent=3501"}],"curies":[{"name":"wp","href":"https:\/\/api.w.org\/{rel}","templated":true}]}}