{"id":3557,"date":"2025-02-20T22:02:47","date_gmt":"2025-02-20T20:02:47","guid":{"rendered":"https:\/\/mebellini.lv\/?page_id=3557"},"modified":"2025-02-24T22:47:05","modified_gmt":"2025-02-24T20:47:05","slug":"razotaji","status":"publish","type":"page","link":"https:\/\/mebellini.lv\/lv\/razotaji\/","title":{"rendered":"Ra\u017eot\u0101ji"},"content":{"rendered":"\n<h1 class=\"brands-title\">Ra\u017eot\u0101ji<\/h1>\n\n\n\n<p style=\"max-width: 800px; margin: 16px auto; text-align: center; font-size: 17px; line-height: 23px;\">Salon\u0101 <strong>Mebellini<\/strong> j\u016bs atrad\u012bsiet ekskluz\u012bvas m\u0113beles no lab\u0101kajiem it\u0101\u013cu ra\u017eot\u0101jiem, kas apvieno nevainojamu kvalit\u0101ti, eleganci un izsmalcin\u0101tu stilu.<\/p>\n\n\n\n<p><\/p>\n","protected":false},"excerpt":{"rendered":"<p>Ra\u017eot\u0101ji Salon\u0101 Mebellini j\u016bs atrad\u012bsiet ekskluz\u012bvas m\u0113beles no lab\u0101kajiem it\u0101\u013cu ra\u017eot\u0101jiem, kas apvieno nevainojamu kvalit\u0101ti, eleganci un izsmalcin\u0101tu stilu.<\/p>\n","protected":false},"author":2,"featured_media":0,"parent":0,"menu_order":0,"comment_status":"closed","ping_status":"closed","template":"templates\/brands.php","meta":{"footnotes":""},"class_list":["post-3557","page","type-page","status-publish","hentry"],"acf":[],"yoast_head":"<!-- This site is optimized with the Yoast SEO plugin v27.3 - https:\/\/yoast.com\/product\/yoast-seo-wordpress\/ -->\n<title>Ra\u017eot\u0101ji - Mebellini<\/title>\n<meta name=\"robots\" content=\"index, follow, max-snippet:-1, max-image-preview:large, max-video-preview:-1\" \/>\n<link rel=\"canonical\" href=\"https:\/\/mebellini.lv\/lv\/razotaji\/\" \/>\n<meta property=\"og:locale\" content=\"lv_LV\" \/>\n<meta property=\"og:type\" content=\"article\" \/>\n<meta property=\"og:title\" content=\"Ra\u017eot\u0101ji - Mebellini\" \/>\n<meta property=\"og:description\" content=\"Ra\u017eot\u0101ji Salon\u0101 Mebellini j\u016bs atrad\u012bsiet ekskluz\u012bvas m\u0113beles no lab\u0101kajiem it\u0101\u013cu ra\u017eot\u0101jiem, kas apvieno nevainojamu kvalit\u0101ti, eleganci un izsmalcin\u0101tu stilu.\" \/>\n<meta property=\"og:url\" content=\"https:\/\/mebellini.lv\/lv\/razotaji\/\" \/>\n<meta property=\"og:site_name\" content=\"Mebellini\" \/>\n<meta property=\"article:modified_time\" content=\"2025-02-24T20:47:05+00:00\" \/>\n<meta name=\"twitter:card\" content=\"summary_large_image\" \/>\n<meta name=\"twitter:label1\" content=\"Est. reading time\" \/>\n\t<meta name=\"twitter:data1\" content=\"1 minute\" \/>\n<script type=\"application\/ld+json\" class=\"yoast-schema-graph\">{\"@context\":\"https:\\\/\\\/schema.org\",\"@graph\":[{\"@type\":\"WebPage\",\"@id\":\"https:\\\/\\\/mebellini.lv\\\/lv\\\/razotaji\\\/\",\"url\":\"https:\\\/\\\/mebellini.lv\\\/lv\\\/razotaji\\\/\",\"name\":\"Ra\u017eot\u0101ji - Mebellini\",\"isPartOf\":{\"@id\":\"https:\\\/\\\/mebellini.lv\\\/en\\\/#website\"},\"datePublished\":\"2025-02-20T20:02:47+00:00\",\"dateModified\":\"2025-02-24T20:47:05+00:00\",\"breadcrumb\":{\"@id\":\"https:\\\/\\\/mebellini.lv\\\/lv\\\/razotaji\\\/#breadcrumb\"},\"inLanguage\":\"lv-LV\",\"potentialAction\":[{\"@type\":\"ReadAction\",\"target\":[\"https:\\\/\\\/mebellini.lv\\\/lv\\\/razotaji\\\/\"]}]},{\"@type\":\"BreadcrumbList\",\"@id\":\"https:\\\/\\\/mebellini.lv\\\/lv\\\/razotaji\\\/#breadcrumb\",\"itemListElement\":[{\"@type\":\"ListItem\",\"position\":1,\"name\":\"Home\",\"item\":\"https:\\\/\\\/mebellini.lv\\\/lv\\\/\"},{\"@type\":\"ListItem\",\"position\":2,\"name\":\"Ra\u017eot\u0101ji\"}]},{\"@type\":\"WebSite\",\"@id\":\"https:\\\/\\\/mebellini.lv\\\/en\\\/#website\",\"url\":\"https:\\\/\\\/mebellini.lv\\\/en\\\/\",\"name\":\"Mebellini\",\"description\":\"Mebellini\",\"potentialAction\":[{\"@type\":\"SearchAction\",\"target\":{\"@type\":\"EntryPoint\",\"urlTemplate\":\"https:\\\/\\\/mebellini.lv\\\/en\\\/?s={search_term_string}\"},\"query-input\":{\"@type\":\"PropertyValueSpecification\",\"valueRequired\":true,\"valueName\":\"search_term_string\"}}],\"inLanguage\":\"lv-LV\"}]}<\/script>\n<!-- \/ Yoast SEO plugin. -->","yoast_head_json":{"title":"Ra\u017eot\u0101ji - Mebellini","robots":{"index":"index","follow":"follow","max-snippet":"max-snippet:-1","max-image-preview":"max-image-preview:large","max-video-preview":"max-video-preview:-1"},"canonical":"https:\/\/mebellini.lv\/lv\/razotaji\/","og_locale":"lv_LV","og_type":"article","og_title":"Ra\u017eot\u0101ji - Mebellini","og_description":"Ra\u017eot\u0101ji Salon\u0101 Mebellini j\u016bs atrad\u012bsiet ekskluz\u012bvas m\u0113beles no lab\u0101kajiem it\u0101\u013cu ra\u017eot\u0101jiem, kas apvieno nevainojamu kvalit\u0101ti, eleganci un izsmalcin\u0101tu stilu.","og_url":"https:\/\/mebellini.lv\/lv\/razotaji\/","og_site_name":"Mebellini","article_modified_time":"2025-02-24T20:47:05+00:00","twitter_card":"summary_large_image","twitter_misc":{"Est. reading time":"1 minute"},"schema":{"@context":"https:\/\/schema.org","@graph":[{"@type":"WebPage","@id":"https:\/\/mebellini.lv\/lv\/razotaji\/","url":"https:\/\/mebellini.lv\/lv\/razotaji\/","name":"Ra\u017eot\u0101ji - Mebellini","isPartOf":{"@id":"https:\/\/mebellini.lv\/en\/#website"},"datePublished":"2025-02-20T20:02:47+00:00","dateModified":"2025-02-24T20:47:05+00:00","breadcrumb":{"@id":"https:\/\/mebellini.lv\/lv\/razotaji\/#breadcrumb"},"inLanguage":"lv-LV","potentialAction":[{"@type":"ReadAction","target":["https:\/\/mebellini.lv\/lv\/razotaji\/"]}]},{"@type":"BreadcrumbList","@id":"https:\/\/mebellini.lv\/lv\/razotaji\/#breadcrumb","itemListElement":[{"@type":"ListItem","position":1,"name":"Home","item":"https:\/\/mebellini.lv\/lv\/"},{"@type":"ListItem","position":2,"name":"Ra\u017eot\u0101ji"}]},{"@type":"WebSite","@id":"https:\/\/mebellini.lv\/en\/#website","url":"https:\/\/mebellini.lv\/en\/","name":"Mebellini","description":"Mebellini","potentialAction":[{"@type":"SearchAction","target":{"@type":"EntryPoint","urlTemplate":"https:\/\/mebellini.lv\/en\/?s={search_term_string}"},"query-input":{"@type":"PropertyValueSpecification","valueRequired":true,"valueName":"search_term_string"}}],"inLanguage":"lv-LV"}]}},"_links":{"self":[{"href":"https:\/\/mebellini.lv\/lv\/wp-json\/wp\/v2\/pages\/3557","targetHints":{"allow":["GET"]}}],"collection":[{"href":"https:\/\/mebellini.lv\/lv\/wp-json\/wp\/v2\/pages"}],"about":[{"href":"https:\/\/mebellini.lv\/lv\/wp-json\/wp\/v2\/types\/page"}],"author":[{"embeddable":true,"href":"https:\/\/mebellini.lv\/lv\/wp-json\/wp\/v2\/users\/2"}],"replies":[{"embeddable":true,"href":"https:\/\/mebellini.lv\/lv\/wp-json\/wp\/v2\/comments?post=3557"}],"version-history":[{"count":3,"href":"https:\/\/mebellini.lv\/lv\/wp-json\/wp\/v2\/pages\/3557\/revisions"}],"predecessor-version":[{"id":3631,"href":"https:\/\/mebellini.lv\/lv\/wp-json\/wp\/v2\/pages\/3557\/revisions\/3631"}],"wp:attachment":[{"href":"https:\/\/mebellini.lv\/lv\/wp-json\/wp\/v2\/media?parent=3557"}],"curies":[{"name":"wp","href":"https:\/\/api.w.org\/{rel}","templated":true}]}}