{"id":3607,"date":"2025-02-24T22:38:50","date_gmt":"2025-02-24T20:38:50","guid":{"rendered":"https:\/\/mebellini.lv\/?page_id=3607"},"modified":"2025-02-24T22:40:11","modified_gmt":"2025-02-24T20:40:11","slug":"par-uznemumu","status":"publish","type":"page","link":"https:\/\/mebellini.lv\/lv\/par-uznemumu\/","title":{"rendered":"Par uz\u0146\u0113mumu"},"content":{"rendered":"\n<h3 style=\"text-transform: uppercase; text-align: center; margin-bottom: 36px;\">Par uz\u0146\u0113mumu<\/h3>\n\n\n\n<p><strong>Mebellini <\/strong>ir izsmalcin\u0101ta greznuma un izsmalcin\u0101ta stila iemiesojums. M\u016bsu m\u0113be\u013cu salons pied\u0101v\u0101 ekskluz\u012bvas vado\u0161o it\u0101\u013cu z\u012bmolu kolekcijas, kas apvieno eleganci, nevainojamu kvalit\u0101ti un inovat\u012bvu dizainu.<\/p>\n\n\n\n<p>Pied\u0101v\u0101jam premium klases m\u0113beles visam m\u0101joklim \u2013 no viesistabas un gu\u013camistabas l\u012bdz virtuvei, vannas istab\u0101m, darba kabinetam un m\u0101j\u012bg\u0101m terases zon\u0101m. Katrs interjera priek\u0161mets ir m\u0101kslas darbs, ko rad\u012bju\u0161i meistari ar daudzu gadu pieredzi.<\/p>\n\n\n\n<p>M\u0113s veiksm\u012bgi darbojamies Latvijas tirg\u016b jau vair\u0101k nek\u0101 8 gadus, izpelnoties uzticama eksperta reput\u0101ciju it\u0101\u013cu dizaina pasaul\u0113. M\u0113s sadarbojamies ar vair\u0101k nek\u0101 50 vado\u0161aj\u0101m It\u0101lijas r\u016bpn\u012bc\u0101m, lai pied\u0101v\u0101tu jums lab\u0101ko, ko var pied\u0101v\u0101t It\u0101lijas m\u0113be\u013cu r\u016bpniec\u012bba.<\/p>\n\n\n\n<p>Izv\u0113loties <strong>Mebellini<\/strong>, j\u016bs ieguld\u0101t komfort\u0101, izsmalcin\u0101t\u0101 stil\u0101 un nevainojam\u0101 kvalit\u0101t\u0113, kas ir pier\u0101d\u012bta laika gait\u0101. Laipni l\u016bdzam elegances un izsmalcin\u0101tas gar\u0161as pasaul\u0113!<\/p>\n","protected":false},"excerpt":{"rendered":"<p>Par uz\u0146\u0113mumu Mebellini ir izsmalcin\u0101ta greznuma un izsmalcin\u0101ta stila iemiesojums. M\u016bsu m\u0113be\u013cu salons pied\u0101v\u0101 ekskluz\u012bvas vado\u0161o it\u0101\u013cu z\u012bmolu kolekcijas, kas apvieno eleganci, nevainojamu kvalit\u0101ti un inovat\u012bvu dizainu. Pied\u0101v\u0101jam premium klases m\u0113beles visam m\u0101joklim \u2013 no viesistabas un gu\u013camistabas l\u012bdz virtuvei, vannas istab\u0101m, darba kabinetam un m\u0101j\u012bg\u0101m terases zon\u0101m. Katrs interjera priek\u0161mets ir m\u0101kslas darbs, ko [&hellip;]<\/p>\n","protected":false},"author":2,"featured_media":0,"parent":0,"menu_order":0,"comment_status":"closed","ping_status":"closed","template":"templates\/salon.php","meta":{"footnotes":""},"class_list":["post-3607","page","type-page","status-publish","hentry"],"acf":[],"yoast_head":"<!-- This site is optimized with the Yoast SEO plugin v27.3 - https:\/\/yoast.com\/product\/yoast-seo-wordpress\/ -->\n<title>Par uz\u0146\u0113mumu - Mebellini<\/title>\n<meta name=\"robots\" content=\"index, follow, max-snippet:-1, max-image-preview:large, max-video-preview:-1\" \/>\n<link rel=\"canonical\" href=\"https:\/\/mebellini.lv\/lv\/par-uznemumu\/\" \/>\n<meta property=\"og:locale\" content=\"lv_LV\" \/>\n<meta property=\"og:type\" content=\"article\" \/>\n<meta property=\"og:title\" content=\"Par uz\u0146\u0113mumu - Mebellini\" \/>\n<meta property=\"og:description\" content=\"Par uz\u0146\u0113mumu Mebellini ir izsmalcin\u0101ta greznuma un izsmalcin\u0101ta stila iemiesojums. M\u016bsu m\u0113be\u013cu salons pied\u0101v\u0101 ekskluz\u012bvas vado\u0161o it\u0101\u013cu z\u012bmolu kolekcijas, kas apvieno eleganci, nevainojamu kvalit\u0101ti un inovat\u012bvu dizainu. Pied\u0101v\u0101jam premium klases m\u0113beles visam m\u0101joklim \u2013 no viesistabas un gu\u013camistabas l\u012bdz virtuvei, vannas istab\u0101m, darba kabinetam un m\u0101j\u012bg\u0101m terases zon\u0101m. Katrs interjera priek\u0161mets ir m\u0101kslas darbs, ko [&hellip;]\" \/>\n<meta property=\"og:url\" content=\"https:\/\/mebellini.lv\/lv\/par-uznemumu\/\" \/>\n<meta property=\"og:site_name\" content=\"Mebellini\" \/>\n<meta property=\"article:modified_time\" content=\"2025-02-24T20:40:11+00:00\" \/>\n<meta name=\"twitter:card\" content=\"summary_large_image\" \/>\n<meta name=\"twitter:label1\" content=\"Est. reading time\" \/>\n\t<meta name=\"twitter:data1\" content=\"1 minute\" \/>\n<script type=\"application\/ld+json\" class=\"yoast-schema-graph\">{\"@context\":\"https:\\\/\\\/schema.org\",\"@graph\":[{\"@type\":\"WebPage\",\"@id\":\"https:\\\/\\\/mebellini.lv\\\/lv\\\/par-uznemumu\\\/\",\"url\":\"https:\\\/\\\/mebellini.lv\\\/lv\\\/par-uznemumu\\\/\",\"name\":\"Par uz\u0146\u0113mumu - Mebellini\",\"isPartOf\":{\"@id\":\"https:\\\/\\\/mebellini.lv\\\/en\\\/#website\"},\"datePublished\":\"2025-02-24T20:38:50+00:00\",\"dateModified\":\"2025-02-24T20:40:11+00:00\",\"breadcrumb\":{\"@id\":\"https:\\\/\\\/mebellini.lv\\\/lv\\\/par-uznemumu\\\/#breadcrumb\"},\"inLanguage\":\"lv-LV\",\"potentialAction\":[{\"@type\":\"ReadAction\",\"target\":[\"https:\\\/\\\/mebellini.lv\\\/lv\\\/par-uznemumu\\\/\"]}]},{\"@type\":\"BreadcrumbList\",\"@id\":\"https:\\\/\\\/mebellini.lv\\\/lv\\\/par-uznemumu\\\/#breadcrumb\",\"itemListElement\":[{\"@type\":\"ListItem\",\"position\":1,\"name\":\"Home\",\"item\":\"https:\\\/\\\/mebellini.lv\\\/lv\\\/\"},{\"@type\":\"ListItem\",\"position\":2,\"name\":\"Par uz\u0146\u0113mumu\"}]},{\"@type\":\"WebSite\",\"@id\":\"https:\\\/\\\/mebellini.lv\\\/en\\\/#website\",\"url\":\"https:\\\/\\\/mebellini.lv\\\/en\\\/\",\"name\":\"Mebellini\",\"description\":\"Mebellini\",\"potentialAction\":[{\"@type\":\"SearchAction\",\"target\":{\"@type\":\"EntryPoint\",\"urlTemplate\":\"https:\\\/\\\/mebellini.lv\\\/en\\\/?s={search_term_string}\"},\"query-input\":{\"@type\":\"PropertyValueSpecification\",\"valueRequired\":true,\"valueName\":\"search_term_string\"}}],\"inLanguage\":\"lv-LV\"}]}<\/script>\n<!-- \/ Yoast SEO plugin. -->","yoast_head_json":{"title":"Par uz\u0146\u0113mumu - Mebellini","robots":{"index":"index","follow":"follow","max-snippet":"max-snippet:-1","max-image-preview":"max-image-preview:large","max-video-preview":"max-video-preview:-1"},"canonical":"https:\/\/mebellini.lv\/lv\/par-uznemumu\/","og_locale":"lv_LV","og_type":"article","og_title":"Par uz\u0146\u0113mumu - Mebellini","og_description":"Par uz\u0146\u0113mumu Mebellini ir izsmalcin\u0101ta greznuma un izsmalcin\u0101ta stila iemiesojums. M\u016bsu m\u0113be\u013cu salons pied\u0101v\u0101 ekskluz\u012bvas vado\u0161o it\u0101\u013cu z\u012bmolu kolekcijas, kas apvieno eleganci, nevainojamu kvalit\u0101ti un inovat\u012bvu dizainu. Pied\u0101v\u0101jam premium klases m\u0113beles visam m\u0101joklim \u2013 no viesistabas un gu\u013camistabas l\u012bdz virtuvei, vannas istab\u0101m, darba kabinetam un m\u0101j\u012bg\u0101m terases zon\u0101m. Katrs interjera priek\u0161mets ir m\u0101kslas darbs, ko [&hellip;]","og_url":"https:\/\/mebellini.lv\/lv\/par-uznemumu\/","og_site_name":"Mebellini","article_modified_time":"2025-02-24T20:40:11+00:00","twitter_card":"summary_large_image","twitter_misc":{"Est. reading time":"1 minute"},"schema":{"@context":"https:\/\/schema.org","@graph":[{"@type":"WebPage","@id":"https:\/\/mebellini.lv\/lv\/par-uznemumu\/","url":"https:\/\/mebellini.lv\/lv\/par-uznemumu\/","name":"Par uz\u0146\u0113mumu - Mebellini","isPartOf":{"@id":"https:\/\/mebellini.lv\/en\/#website"},"datePublished":"2025-02-24T20:38:50+00:00","dateModified":"2025-02-24T20:40:11+00:00","breadcrumb":{"@id":"https:\/\/mebellini.lv\/lv\/par-uznemumu\/#breadcrumb"},"inLanguage":"lv-LV","potentialAction":[{"@type":"ReadAction","target":["https:\/\/mebellini.lv\/lv\/par-uznemumu\/"]}]},{"@type":"BreadcrumbList","@id":"https:\/\/mebellini.lv\/lv\/par-uznemumu\/#breadcrumb","itemListElement":[{"@type":"ListItem","position":1,"name":"Home","item":"https:\/\/mebellini.lv\/lv\/"},{"@type":"ListItem","position":2,"name":"Par uz\u0146\u0113mumu"}]},{"@type":"WebSite","@id":"https:\/\/mebellini.lv\/en\/#website","url":"https:\/\/mebellini.lv\/en\/","name":"Mebellini","description":"Mebellini","potentialAction":[{"@type":"SearchAction","target":{"@type":"EntryPoint","urlTemplate":"https:\/\/mebellini.lv\/en\/?s={search_term_string}"},"query-input":{"@type":"PropertyValueSpecification","valueRequired":true,"valueName":"search_term_string"}}],"inLanguage":"lv-LV"}]}},"_links":{"self":[{"href":"https:\/\/mebellini.lv\/lv\/wp-json\/wp\/v2\/pages\/3607","targetHints":{"allow":["GET"]}}],"collection":[{"href":"https:\/\/mebellini.lv\/lv\/wp-json\/wp\/v2\/pages"}],"about":[{"href":"https:\/\/mebellini.lv\/lv\/wp-json\/wp\/v2\/types\/page"}],"author":[{"embeddable":true,"href":"https:\/\/mebellini.lv\/lv\/wp-json\/wp\/v2\/users\/2"}],"replies":[{"embeddable":true,"href":"https:\/\/mebellini.lv\/lv\/wp-json\/wp\/v2\/comments?post=3607"}],"version-history":[{"count":3,"href":"https:\/\/mebellini.lv\/lv\/wp-json\/wp\/v2\/pages\/3607\/revisions"}],"predecessor-version":[{"id":3616,"href":"https:\/\/mebellini.lv\/lv\/wp-json\/wp\/v2\/pages\/3607\/revisions\/3616"}],"wp:attachment":[{"href":"https:\/\/mebellini.lv\/lv\/wp-json\/wp\/v2\/media?parent=3607"}],"curies":[{"name":"wp","href":"https:\/\/api.w.org\/{rel}","templated":true}]}}